{"id":802,"date":"2024-09-26T13:19:12","date_gmt":"2024-09-26T13:19:12","guid":{"rendered":"https:\/\/graffoods.com\/?post_type=product&#038;p=802"},"modified":"2024-12-11T14:21:37","modified_gmt":"2024-12-11T14:21:37","slug":"expeller-de-soja","status":"publish","type":"product","link":"https:\/\/graffoods.com\/en\/product\/expeller-de-soja\/","title":{"rendered":"Soybean Expeller:"},"content":{"rendered":"<table class=\"wp-list-table widefat fixed striped table-view-list forms\">\n<tbody id=\"the-list\" data-wp-lists=\"list:form\">\n<tr>\n<td class=\"shortcode column-shortcode\" data-colname=\"Shortcode\"><style id=\"wpforms-css-vars-2392\">\n\t\t\t\t#wpforms-2392 {\n\t\t\t\t\n\t\t\t}\n\t\t\t<\/style><div class=\"wpforms-container wpforms-container-full wpforms-render-modern\" id=\"wpforms-2392\"><form id=\"wpforms-form-2392\" class=\"wpforms-validate wpforms-form wpforms-ajax-form\" data-formid=\"2392\" method=\"post\" enctype=\"multipart\/form-data\" action=\"\/en\/wp-json\/wp\/v2\/product\/802\" data-token=\"8c3312a844f20f40a81be5f3bc3cf466\" data-token-time=\"1777909005\"><noscript class=\"wpforms-error-noscript\">Please enable JavaScript in your browser to complete this form.<\/noscript><div id=\"wpforms-error-noscript\" style=\"display: none;\">Please enable JavaScript in your browser to complete this form.<\/div><div class=\"wpforms-field-container\"><div id=\"wpforms-2392-field_1-container\" class=\"wpforms-field wpforms-field-name\" data-field-id=\"1\"><fieldset><legend class=\"wpforms-field-label\">Nombre <span class=\"wpforms-required-label\" aria-hidden=\"true\">*<\/span><\/legend><div class=\"wpforms-field-row wpforms-field-medium\"><div class=\"wpforms-field-row-block wpforms-first wpforms-one-half\"><input type=\"text\" id=\"wpforms-2392-field_1\" class=\"wpforms-field-name-first wpforms-field-required\" name=\"wpforms[fields][1][first]\" aria-errormessage=\"wpforms-2392-field_1-error\" required><label for=\"wpforms-2392-field_1\" class=\"wpforms-field-sublabel after\">First<\/label><\/div><div class=\"wpforms-field-row-block wpforms-one-half\"><input type=\"text\" id=\"wpforms-2392-field_1-last\" class=\"wpforms-field-name-last wpforms-field-required\" name=\"wpforms[fields][1][last]\" aria-errormessage=\"wpforms-2392-field_1-last-error\" required><label for=\"wpforms-2392-field_1-last\" class=\"wpforms-field-sublabel after\">Last<\/label><\/div><\/div><\/fieldset><\/div>\t\t<div id=\"wpforms-2392-field_4-container\"\n\t\t\tclass=\"wpforms-field wpforms-field-text\"\n\t\t\tdata-field-type=\"text\"\n\t\t\tdata-field-id=\"4\"\n\t\t\t>\n\t\t\t<label class=\"wpforms-field-label\" for=\"wpforms-2392-field_4\" >o Nombre Correo<\/label>\n\t\t\t<input type=\"text\" id=\"wpforms-2392-field_4\" class=\"wpforms-field-medium\" name=\"wpforms[fields][4]\" >\n\t\t<\/div>\n\t\t<div id=\"wpforms-2392-field_5-container\" class=\"wpforms-field wpforms-field-text\" data-field-id=\"5\"><label class=\"wpforms-field-label\" for=\"wpforms-2392-field_5\">Nombre del producto <span class=\"wpforms-required-label\" aria-hidden=\"true\">*<\/span><\/label><input type=\"text\" id=\"wpforms-2392-field_5\" class=\"wpforms-field-medium wpforms-field-required\" name=\"wpforms[fields][5]\" aria-errormessage=\"wpforms-2392-field_5-error\" required><\/div><div id=\"wpforms-2392-field_2-container\" class=\"wpforms-field wpforms-field-email\" data-field-id=\"2\"><label class=\"wpforms-field-label\" for=\"wpforms-2392-field_2\">Correo electr\u00f3nico <span class=\"wpforms-required-label\" aria-hidden=\"true\">*<\/span><\/label><input type=\"email\" id=\"wpforms-2392-field_2\" class=\"wpforms-field-medium wpforms-field-required\" name=\"wpforms[fields][2]\" spellcheck=\"false\" aria-errormessage=\"wpforms-2392-field_2-error\" required><\/div><div id=\"wpforms-2392-field_3-container\" class=\"wpforms-field wpforms-field-textarea\" data-field-id=\"3\"><label class=\"wpforms-field-label\" for=\"wpforms-2392-field_3\">Comentario o mensaje<\/label><textarea id=\"wpforms-2392-field_3\" class=\"wpforms-field-medium\" name=\"wpforms[fields][3]\" aria-errormessage=\"wpforms-2392-field_3-error\" ><\/textarea><\/div><script>\n\t\t\t\t( function() {\n\t\t\t\t\tconst style = document.createElement( 'style' );\n\t\t\t\t\tstyle.appendChild( document.createTextNode( '#wpforms-2392-field_4-container { position: absolute !important; overflow: hidden !important; display: inline !important; height: 1px !important; width: 1px !important; z-index: -1000 !important; padding: 0 !important; } #wpforms-2392-field_4-container input { visibility: hidden; } #wpforms-conversational-form-page #wpforms-2392-field_4-container label { counter-increment: none; }' ) );\n\t\t\t\t\tdocument.head.appendChild( style );\n\t\t\t\t\tdocument.currentScript?.remove();\n\t\t\t\t} )();\n\t\t\t<\/script><\/div><!-- .wpforms-field-container --><div class=\"wpforms-recaptcha-container wpforms-is-recaptcha wpforms-is-recaptcha-type-v2\" ><div class=\"g-recaptcha\" data-sitekey=\"6LdP0XwqAAAAAKdKE2zbRp3tuwHGmD7r5rKKS3s6\"><\/div><input type=\"text\" name=\"g-recaptcha-hidden\" class=\"wpforms-recaptcha-hidden\" style=\"position:absolute!important;clip:rect(0,0,0,0)!important;height:1px!important;width:1px!important;border:0!important;overflow:hidden!important;padding:0!important;margin:0!important;\" data-rule-recaptcha=\"1\"><\/div><div class=\"wpforms-submit-container\" ><input type=\"hidden\" name=\"wpforms[id]\" value=\"2392\"><input type=\"hidden\" name=\"page_title\" value=\"\"><input type=\"hidden\" name=\"page_url\" value=\"https:\/\/graffoods.com\/en\/wp-json\/wp\/v2\/product\/802\"><input type=\"hidden\" name=\"url_referer\" value=\"\"><button type=\"submit\" name=\"wpforms[submit]\" id=\"wpforms-submit-2392\" class=\"wpforms-submit\" data-alt-text=\"Enviando...\" data-submit-text=\"Enviar\" aria-live=\"assertive\" value=\"wpforms-submit\">Enviar<\/button><img loading=\"lazy\" decoding=\"async\" src=\"https:\/\/graffoods.com\/wp-content\/plugins\/wpforms-lite\/assets\/images\/submit-spin.svg\" class=\"wpforms-submit-spinner\" style=\"display: none;\" width=\"26\" height=\"26\" alt=\"Loading\"><\/div><\/form><\/div>  <!-- .wpforms-container --><\/td>\n<\/tr>\n<\/tbody>\n<\/table>\n","protected":false},"excerpt":{"rendered":"<p><span class=\"OYPEnA font-feature-liga-off font-feature-clig-off font-feature-calt-off text-decoration-none text-strikethrough-none\">Ficha T\u00e9cnica<\/span><\/p>\n<p><strong>Descripci\u00f3n:<\/strong><br \/>\nExpeller de soja extrusionado de doble prensado.<\/p>\n<p><strong>Caracter\u00edsticas Organol\u00e9pticas:<\/strong><br \/>\nGr\u00e1nulos finos, color amarillo claro, olor caracter\u00edstico.<\/p>\n<p><strong>Caracter\u00edsticas fisicoqu\u00edmicas:<\/strong><br \/>\n&#8211; Humedad: 6-8%<br \/>\n&#8211; Contenido de grasa: 7-9%<br \/>\n&#8211; Prote\u00edna Total: &gt; 40%<br \/>\n&#8211; Prote\u00edna Soluble: &gt; 85%<br \/>\n&#8211; Actividad de ureasa: &lt; 0,1 \u03bcpH<br \/>\n<strong>Caracter\u00edsticas microbiol\u00f3gicas:<\/strong><br \/>\n&#8211; Aflatoxina G1: &lt; 0,1<br \/>\n&#8211; Aflatoxina G2: &lt; 0,1<br \/>\n&#8211; Aflatoxina B1: &lt; 0,3<br \/>\n&#8211; Aflatoxina B2: &lt; 0,1<br \/>\n&#8211; Aflatoxinas totales: &#8211;<br \/>\n&#8211; Recuento total de aerobios mes\u00f3filos: &lt; 106<br \/>\n&#8211; Coliformes totales: &lt; 103<br \/>\n&#8211; Escherichia coli: Ausente<br \/>\n&#8211; Salmonella spp.: Ausente (en 25 g)<br \/>\n<strong>Condiciones de almacenamiento:<\/strong><br \/>\n&#8211; A granel, en espacios secos y sin corrientes de aire a 25\u00baC.<br \/>\n<strong>Duraci\u00f3n:<\/strong><br \/>\n&#8211; 90 d\u00edas bajo las condiciones de almacenamiento recomendadas.<br \/>\n<strong>Condiciones de Distribuci\u00f3n:<\/strong><br \/>\n&#8211; A granel.<\/p>\n<table class=\"wp-list-table widefat fixed striped table-view-list forms\">\n<tbody id=\"the-list\" data-wp-lists=\"list:form\">\n<tr>\n<td class=\"shortcode column-shortcode\" data-colname=\"Shortcode\">[wpforms id=\"2392\"]<\/td>\n<\/tr>\n<\/tbody>\n<\/table>\n","protected":false},"featured_media":1398,"comment_status":"open","ping_status":"closed","template":"","meta":[],"product_brand":[],"product_cat":[54],"product_tag":[],"class_list":{"0":"post-802","1":"product","2":"type-product","3":"status-publish","4":"has-post-thumbnail","6":"product_cat-harinas","8":"first","9":"instock","10":"shipping-taxable","11":"product-type-simple"},"yoast_head":"<!-- This site is optimized with the Yoast SEO plugin v27.5 - https:\/\/yoast.com\/product\/yoast-seo-wordpress\/ -->\n<title>Expeller de Soja - Graffoods - Productos mayoristas<\/title>\n<meta name=\"robots\" content=\"index, follow, max-snippet:-1, max-image-preview:large, max-video-preview:-1\" \/>\n<link rel=\"canonical\" href=\"https:\/\/graffoods.com\/en\/product\/expeller-de-soja\/\" \/>\n<meta property=\"og:locale\" content=\"en_US\" \/>\n<meta property=\"og:type\" content=\"article\" \/>\n<meta property=\"og:title\" content=\"Expeller de Soja - Graffoods - Productos mayoristas\" \/>\n<meta property=\"og:description\" content=\"Ficha T\u00e9cnica  Descripci\u00f3n: Expeller de soja extrusionado de doble prensado.  Caracter\u00edsticas Organol\u00e9pticas: Gr\u00e1nulos finos, color amarillo claro, olor caracter\u00edstico.  Caracter\u00edsticas fisicoqu\u00edmicas: - Humedad: 6-8% - Contenido de grasa: 7-9% - Prote\u00edna Total: &gt; 40% - Prote\u00edna Soluble: &gt; 85% - Actividad de ureasa: &lt; 0,1 \u03bcpH Caracter\u00edsticas microbiol\u00f3gicas: - Aflatoxina G1: &lt; 0,1 - Aflatoxina G2: &lt; 0,1 - Aflatoxina B1: &lt; 0,3 - Aflatoxina B2: &lt; 0,1 - Aflatoxinas totales: - - Recuento total de aerobios mes\u00f3filos: &lt; 106 - Coliformes totales: &lt; 103 - Escherichia coli: Ausente - Salmonella spp.: Ausente (en 25 g) Condiciones de almacenamiento: - A granel, en espacios secos y sin corrientes de aire a 25\u00baC. Duraci\u00f3n: - 90 d\u00edas bajo las condiciones de almacenamiento recomendadas. Condiciones de Distribuci\u00f3n: - A granel.\" \/>\n<meta property=\"og:url\" content=\"https:\/\/graffoods.com\/en\/product\/expeller-de-soja\/\" \/>\n<meta property=\"og:site_name\" content=\"Graffoods - Productos mayoristas\" \/>\n<meta property=\"article:modified_time\" content=\"2024-12-11T14:21:37+00:00\" \/>\n<meta property=\"og:image\" content=\"https:\/\/graffoods.com\/wp-content\/uploads\/2024\/09\/tourne-soja-expeller.jpg\" \/>\n\t<meta property=\"og:image:width\" content=\"1000\" \/>\n\t<meta property=\"og:image:height\" content=\"1000\" \/>\n\t<meta property=\"og:image:type\" content=\"image\/jpeg\" \/>\n<meta name=\"twitter:card\" content=\"summary_large_image\" \/>\n<meta name=\"twitter:label1\" content=\"Est. reading time\" \/>\n\t<meta name=\"twitter:data1\" content=\"1 minute\" \/>\n<script type=\"application\/ld+json\" class=\"yoast-schema-graph\">{\"@context\":\"https:\\\/\\\/schema.org\",\"@graph\":[{\"@type\":\"WebPage\",\"@id\":\"https:\\\/\\\/graffoods.com\\\/producto\\\/expeller-de-soja\\\/\",\"url\":\"https:\\\/\\\/graffoods.com\\\/producto\\\/expeller-de-soja\\\/\",\"name\":\"Expeller de Soja - Graffoods - Productos mayoristas\",\"isPartOf\":{\"@id\":\"https:\\\/\\\/graffoods.com\\\/#website\"},\"primaryImageOfPage\":{\"@id\":\"https:\\\/\\\/graffoods.com\\\/producto\\\/expeller-de-soja\\\/#primaryimage\"},\"image\":{\"@id\":\"https:\\\/\\\/graffoods.com\\\/producto\\\/expeller-de-soja\\\/#primaryimage\"},\"thumbnailUrl\":\"https:\\\/\\\/graffoods.com\\\/wp-content\\\/uploads\\\/2024\\\/09\\\/tourne-soja-expeller.jpg\",\"datePublished\":\"2024-09-26T13:19:12+00:00\",\"dateModified\":\"2024-12-11T14:21:37+00:00\",\"breadcrumb\":{\"@id\":\"https:\\\/\\\/graffoods.com\\\/producto\\\/expeller-de-soja\\\/#breadcrumb\"},\"inLanguage\":\"en-US\",\"potentialAction\":[{\"@type\":\"ReadAction\",\"target\":[\"https:\\\/\\\/graffoods.com\\\/producto\\\/expeller-de-soja\\\/\"]}]},{\"@type\":\"ImageObject\",\"inLanguage\":\"en-US\",\"@id\":\"https:\\\/\\\/graffoods.com\\\/producto\\\/expeller-de-soja\\\/#primaryimage\",\"url\":\"https:\\\/\\\/graffoods.com\\\/wp-content\\\/uploads\\\/2024\\\/09\\\/tourne-soja-expeller.jpg\",\"contentUrl\":\"https:\\\/\\\/graffoods.com\\\/wp-content\\\/uploads\\\/2024\\\/09\\\/tourne-soja-expeller.jpg\",\"width\":1000,\"height\":1000},{\"@type\":\"BreadcrumbList\",\"@id\":\"https:\\\/\\\/graffoods.com\\\/producto\\\/expeller-de-soja\\\/#breadcrumb\",\"itemListElement\":[{\"@type\":\"ListItem\",\"position\":1,\"name\":\"Portada\",\"item\":\"https:\\\/\\\/graffoods.com\\\/\"},{\"@type\":\"ListItem\",\"position\":2,\"name\":\"Tienda\",\"item\":\"https:\\\/\\\/graffoods.com\\\/?page_id=62\"},{\"@type\":\"ListItem\",\"position\":3,\"name\":\"Expeller de Soja\"}]},{\"@type\":\"WebSite\",\"@id\":\"https:\\\/\\\/graffoods.com\\\/#website\",\"url\":\"https:\\\/\\\/graffoods.com\\\/\",\"name\":\"Graffoods - Productos mayoristas\",\"description\":\"\",\"publisher\":{\"@id\":\"https:\\\/\\\/graffoods.com\\\/#organization\"},\"potentialAction\":[{\"@type\":\"SearchAction\",\"target\":{\"@type\":\"EntryPoint\",\"urlTemplate\":\"https:\\\/\\\/graffoods.com\\\/?s={search_term_string}\"},\"query-input\":{\"@type\":\"PropertyValueSpecification\",\"valueRequired\":true,\"valueName\":\"search_term_string\"}}],\"inLanguage\":\"en-US\"},{\"@type\":\"Organization\",\"@id\":\"https:\\\/\\\/graffoods.com\\\/#organization\",\"name\":\"Graffoods - Productos mayoristas\",\"url\":\"https:\\\/\\\/graffoods.com\\\/\",\"logo\":{\"@type\":\"ImageObject\",\"inLanguage\":\"en-US\",\"@id\":\"https:\\\/\\\/graffoods.com\\\/#\\\/schema\\\/logo\\\/image\\\/\",\"url\":\"https:\\\/\\\/graffoods.com\\\/wp-content\\\/uploads\\\/2024\\\/10\\\/Diseno-sin-titulo-1.png\",\"contentUrl\":\"https:\\\/\\\/graffoods.com\\\/wp-content\\\/uploads\\\/2024\\\/10\\\/Diseno-sin-titulo-1.png\",\"width\":1080,\"height\":400,\"caption\":\"Graffoods - Productos mayoristas\"},\"image\":{\"@id\":\"https:\\\/\\\/graffoods.com\\\/#\\\/schema\\\/logo\\\/image\\\/\"}}]}<\/script>\n<!-- \/ Yoast SEO plugin. -->","yoast_head_json":{"title":"Expeller de Soja - Graffoods - Productos mayoristas","robots":{"index":"index","follow":"follow","max-snippet":"max-snippet:-1","max-image-preview":"max-image-preview:large","max-video-preview":"max-video-preview:-1"},"canonical":"https:\/\/graffoods.com\/en\/product\/expeller-de-soja\/","og_locale":"en_US","og_type":"article","og_title":"Expeller de Soja - Graffoods - Productos mayoristas","og_description":"Ficha T\u00e9cnica  Descripci\u00f3n: Expeller de soja extrusionado de doble prensado.  Caracter\u00edsticas Organol\u00e9pticas: Gr\u00e1nulos finos, color amarillo claro, olor caracter\u00edstico.  Caracter\u00edsticas fisicoqu\u00edmicas: - Humedad: 6-8% - Contenido de grasa: 7-9% - Prote\u00edna Total: &gt; 40% - Prote\u00edna Soluble: &gt; 85% - Actividad de ureasa: &lt; 0,1 \u03bcpH Caracter\u00edsticas microbiol\u00f3gicas: - Aflatoxina G1: &lt; 0,1 - Aflatoxina G2: &lt; 0,1 - Aflatoxina B1: &lt; 0,3 - Aflatoxina B2: &lt; 0,1 - Aflatoxinas totales: - - Recuento total de aerobios mes\u00f3filos: &lt; 106 - Coliformes totales: &lt; 103 - Escherichia coli: Ausente - Salmonella spp.: Ausente (en 25 g) Condiciones de almacenamiento: - A granel, en espacios secos y sin corrientes de aire a 25\u00baC. Duraci\u00f3n: - 90 d\u00edas bajo las condiciones de almacenamiento recomendadas. Condiciones de Distribuci\u00f3n: - A granel.","og_url":"https:\/\/graffoods.com\/en\/product\/expeller-de-soja\/","og_site_name":"Graffoods - Productos mayoristas","article_modified_time":"2024-12-11T14:21:37+00:00","og_image":[{"width":1000,"height":1000,"url":"https:\/\/graffoods.com\/wp-content\/uploads\/2024\/09\/tourne-soja-expeller.jpg","type":"image\/jpeg"}],"twitter_card":"summary_large_image","twitter_misc":{"Est. reading time":"1 minute"},"schema":{"@context":"https:\/\/schema.org","@graph":[{"@type":"WebPage","@id":"https:\/\/graffoods.com\/producto\/expeller-de-soja\/","url":"https:\/\/graffoods.com\/producto\/expeller-de-soja\/","name":"Expeller de Soja - Graffoods - Productos mayoristas","isPartOf":{"@id":"https:\/\/graffoods.com\/#website"},"primaryImageOfPage":{"@id":"https:\/\/graffoods.com\/producto\/expeller-de-soja\/#primaryimage"},"image":{"@id":"https:\/\/graffoods.com\/producto\/expeller-de-soja\/#primaryimage"},"thumbnailUrl":"https:\/\/graffoods.com\/wp-content\/uploads\/2024\/09\/tourne-soja-expeller.jpg","datePublished":"2024-09-26T13:19:12+00:00","dateModified":"2024-12-11T14:21:37+00:00","breadcrumb":{"@id":"https:\/\/graffoods.com\/producto\/expeller-de-soja\/#breadcrumb"},"inLanguage":"en-US","potentialAction":[{"@type":"ReadAction","target":["https:\/\/graffoods.com\/producto\/expeller-de-soja\/"]}]},{"@type":"ImageObject","inLanguage":"en-US","@id":"https:\/\/graffoods.com\/producto\/expeller-de-soja\/#primaryimage","url":"https:\/\/graffoods.com\/wp-content\/uploads\/2024\/09\/tourne-soja-expeller.jpg","contentUrl":"https:\/\/graffoods.com\/wp-content\/uploads\/2024\/09\/tourne-soja-expeller.jpg","width":1000,"height":1000},{"@type":"BreadcrumbList","@id":"https:\/\/graffoods.com\/producto\/expeller-de-soja\/#breadcrumb","itemListElement":[{"@type":"ListItem","position":1,"name":"Portada","item":"https:\/\/graffoods.com\/"},{"@type":"ListItem","position":2,"name":"Tienda","item":"https:\/\/graffoods.com\/?page_id=62"},{"@type":"ListItem","position":3,"name":"Expeller de Soja"}]},{"@type":"WebSite","@id":"https:\/\/graffoods.com\/#website","url":"https:\/\/graffoods.com\/","name":"Graffoods - Productos mayoristas","description":"","publisher":{"@id":"https:\/\/graffoods.com\/#organization"},"potentialAction":[{"@type":"SearchAction","target":{"@type":"EntryPoint","urlTemplate":"https:\/\/graffoods.com\/?s={search_term_string}"},"query-input":{"@type":"PropertyValueSpecification","valueRequired":true,"valueName":"search_term_string"}}],"inLanguage":"en-US"},{"@type":"Organization","@id":"https:\/\/graffoods.com\/#organization","name":"Graffoods - Productos mayoristas","url":"https:\/\/graffoods.com\/","logo":{"@type":"ImageObject","inLanguage":"en-US","@id":"https:\/\/graffoods.com\/#\/schema\/logo\/image\/","url":"https:\/\/graffoods.com\/wp-content\/uploads\/2024\/10\/Diseno-sin-titulo-1.png","contentUrl":"https:\/\/graffoods.com\/wp-content\/uploads\/2024\/10\/Diseno-sin-titulo-1.png","width":1080,"height":400,"caption":"Graffoods - Productos mayoristas"},"image":{"@id":"https:\/\/graffoods.com\/#\/schema\/logo\/image\/"}}]}},"_links":{"self":[{"href":"https:\/\/graffoods.com\/en\/wp-json\/wp\/v2\/product\/802","targetHints":{"allow":["GET"]}}],"collection":[{"href":"https:\/\/graffoods.com\/en\/wp-json\/wp\/v2\/product"}],"about":[{"href":"https:\/\/graffoods.com\/en\/wp-json\/wp\/v2\/types\/product"}],"replies":[{"embeddable":true,"href":"https:\/\/graffoods.com\/en\/wp-json\/wp\/v2\/comments?post=802"}],"wp:featuredmedia":[{"embeddable":true,"href":"https:\/\/graffoods.com\/en\/wp-json\/wp\/v2\/media\/1398"}],"wp:attachment":[{"href":"https:\/\/graffoods.com\/en\/wp-json\/wp\/v2\/media?parent=802"}],"wp:term":[{"taxonomy":"product_brand","embeddable":true,"href":"https:\/\/graffoods.com\/en\/wp-json\/wp\/v2\/product_brand?post=802"},{"taxonomy":"product_cat","embeddable":true,"href":"https:\/\/graffoods.com\/en\/wp-json\/wp\/v2\/product_cat?post=802"},{"taxonomy":"product_tag","embeddable":true,"href":"https:\/\/graffoods.com\/en\/wp-json\/wp\/v2\/product_tag?post=802"}],"curies":[{"name":"wp","href":"https:\/\/api.w.org\/{rel}","templated":true}]}}