{"id":2098,"date":"2024-10-30T14:31:16","date_gmt":"2024-10-30T14:31:16","guid":{"rendered":"https:\/\/graffoods.com\/?post_type=product&#038;p=2098"},"modified":"2024-12-11T13:31:10","modified_gmt":"2024-12-11T13:31:10","slug":"aceite-de-oliva","status":"publish","type":"product","link":"https:\/\/graffoods.com\/en\/product\/aceite-de-oliva\/","title":{"rendered":"Olive Oil"},"content":{"rendered":"<table class=\"wp-list-table widefat fixed striped table-view-list forms\">\n<tbody id=\"the-list\" data-wp-lists=\"list:form\">\n<tr>\n<td class=\"shortcode column-shortcode\" data-colname=\"Shortcode\"><style id=\"wpforms-css-vars-2392\">\n\t\t\t\t#wpforms-2392 {\n\t\t\t\t\n\t\t\t}\n\t\t\t<\/style><div class=\"wpforms-container wpforms-container-full wpforms-render-modern\" id=\"wpforms-2392\"><form id=\"wpforms-form-2392\" class=\"wpforms-validate wpforms-form wpforms-ajax-form\" data-formid=\"2392\" method=\"post\" enctype=\"multipart\/form-data\" action=\"\/en\/wp-json\/wp\/v2\/product\/2098\" data-token=\"8c3312a844f20f40a81be5f3bc3cf466\" data-token-time=\"1777911929\"><noscript class=\"wpforms-error-noscript\">Please enable JavaScript in your browser to complete this form.<\/noscript><div id=\"wpforms-error-noscript\" style=\"display: none;\">Please enable JavaScript in your browser to complete this form.<\/div><div class=\"wpforms-field-container\"><div id=\"wpforms-2392-field_1-container\" class=\"wpforms-field wpforms-field-name\" data-field-id=\"1\"><fieldset><legend class=\"wpforms-field-label\">Nombre <span class=\"wpforms-required-label\" aria-hidden=\"true\">*<\/span><\/legend><div class=\"wpforms-field-row wpforms-field-medium\"><div class=\"wpforms-field-row-block wpforms-first wpforms-one-half\"><input type=\"text\" id=\"wpforms-2392-field_1\" class=\"wpforms-field-name-first wpforms-field-required\" name=\"wpforms[fields][1][first]\" aria-errormessage=\"wpforms-2392-field_1-error\" required><label for=\"wpforms-2392-field_1\" class=\"wpforms-field-sublabel after\">First<\/label><\/div><div class=\"wpforms-field-row-block wpforms-one-half\"><input type=\"text\" id=\"wpforms-2392-field_1-last\" class=\"wpforms-field-name-last wpforms-field-required\" name=\"wpforms[fields][1][last]\" aria-errormessage=\"wpforms-2392-field_1-last-error\" required><label for=\"wpforms-2392-field_1-last\" class=\"wpforms-field-sublabel after\">Last<\/label><\/div><\/div><\/fieldset><\/div><div id=\"wpforms-2392-field_5-container\" class=\"wpforms-field wpforms-field-text\" data-field-id=\"5\"><label class=\"wpforms-field-label\" for=\"wpforms-2392-field_5\">Nombre del producto <span class=\"wpforms-required-label\" aria-hidden=\"true\">*<\/span><\/label><input type=\"text\" id=\"wpforms-2392-field_5\" class=\"wpforms-field-medium wpforms-field-required\" name=\"wpforms[fields][5]\" aria-errormessage=\"wpforms-2392-field_5-error\" required><\/div>\t\t<div id=\"wpforms-2392-field_4-container\"\n\t\t\tclass=\"wpforms-field wpforms-field-text\"\n\t\t\tdata-field-type=\"text\"\n\t\t\tdata-field-id=\"4\"\n\t\t\t>\n\t\t\t<label class=\"wpforms-field-label\" for=\"wpforms-2392-field_4\" >Nombre producto o<\/label>\n\t\t\t<input type=\"text\" id=\"wpforms-2392-field_4\" class=\"wpforms-field-medium\" name=\"wpforms[fields][4]\" >\n\t\t<\/div>\n\t\t<div id=\"wpforms-2392-field_2-container\" class=\"wpforms-field wpforms-field-email\" data-field-id=\"2\"><label class=\"wpforms-field-label\" for=\"wpforms-2392-field_2\">Correo electr\u00f3nico <span class=\"wpforms-required-label\" aria-hidden=\"true\">*<\/span><\/label><input type=\"email\" id=\"wpforms-2392-field_2\" class=\"wpforms-field-medium wpforms-field-required\" name=\"wpforms[fields][2]\" spellcheck=\"false\" aria-errormessage=\"wpforms-2392-field_2-error\" required><\/div><div id=\"wpforms-2392-field_3-container\" class=\"wpforms-field wpforms-field-textarea\" data-field-id=\"3\"><label class=\"wpforms-field-label\" for=\"wpforms-2392-field_3\">Comentario o mensaje<\/label><textarea id=\"wpforms-2392-field_3\" class=\"wpforms-field-medium\" name=\"wpforms[fields][3]\" aria-errormessage=\"wpforms-2392-field_3-error\" ><\/textarea><\/div><script>\n\t\t\t\t( function() {\n\t\t\t\t\tconst style = document.createElement( 'style' );\n\t\t\t\t\tstyle.appendChild( document.createTextNode( '#wpforms-2392-field_4-container { position: absolute !important; overflow: hidden !important; display: inline !important; height: 1px !important; width: 1px !important; z-index: -1000 !important; padding: 0 !important; } #wpforms-2392-field_4-container input { visibility: hidden; } #wpforms-conversational-form-page #wpforms-2392-field_4-container label { counter-increment: none; }' ) );\n\t\t\t\t\tdocument.head.appendChild( style );\n\t\t\t\t\tdocument.currentScript?.remove();\n\t\t\t\t} )();\n\t\t\t<\/script><\/div><!-- .wpforms-field-container --><div class=\"wpforms-recaptcha-container wpforms-is-recaptcha wpforms-is-recaptcha-type-v2\" ><div class=\"g-recaptcha\" data-sitekey=\"6LdP0XwqAAAAAKdKE2zbRp3tuwHGmD7r5rKKS3s6\"><\/div><input type=\"text\" name=\"g-recaptcha-hidden\" class=\"wpforms-recaptcha-hidden\" style=\"position:absolute!important;clip:rect(0,0,0,0)!important;height:1px!important;width:1px!important;border:0!important;overflow:hidden!important;padding:0!important;margin:0!important;\" data-rule-recaptcha=\"1\"><\/div><div class=\"wpforms-submit-container\" ><input type=\"hidden\" name=\"wpforms[id]\" value=\"2392\"><input type=\"hidden\" name=\"page_title\" value=\"\"><input type=\"hidden\" name=\"page_url\" value=\"https:\/\/graffoods.com\/en\/wp-json\/wp\/v2\/product\/2098\"><input type=\"hidden\" name=\"url_referer\" value=\"\"><button type=\"submit\" name=\"wpforms[submit]\" id=\"wpforms-submit-2392\" class=\"wpforms-submit\" data-alt-text=\"Enviando...\" data-submit-text=\"Enviar\" aria-live=\"assertive\" value=\"wpforms-submit\">Enviar<\/button><img loading=\"lazy\" decoding=\"async\" src=\"https:\/\/graffoods.com\/wp-content\/plugins\/wpforms-lite\/assets\/images\/submit-spin.svg\" class=\"wpforms-submit-spinner\" style=\"display: none;\" width=\"26\" height=\"26\" alt=\"Loading\"><\/div><\/form><\/div>  <!-- .wpforms-container --><\/td>\n<\/tr>\n<\/tbody>\n<\/table>\n<p>&nbsp;<\/p>\n","protected":false},"excerpt":{"rendered":"<p>Ficha T\u00e9cnica<\/p>\n<ul>\n<li>Aspecto: L\u00edquido claro, brillante, de color amarillo verdoso a dorado.<\/li>\n<li>Olor: Frutado, caracter\u00edstico del aceite de oliva, sin olores rancios.<\/li>\n<li>Sabor: Intenso y afrutado, ligeramente amargo y picante, seg\u00fan la variedad de aceituna.<\/li>\n<li>Punto de humo: 190\u00b0C a 210\u00b0C, depende del tipo (extra virgen, virgen, refinado).<\/li>\n<li>Composici\u00f3n (por 100g):<\/li>\n<li>Energ\u00eda: 884 kcal<br \/>\nGrasas totales: 100g<\/li>\n<li>Saturadas: 14g<\/li>\n<li>Monoinsaturadas (principalmente \u00e1cido oleico): 73g<\/li>\n<li>Poliinsaturadas: 11g<\/li>\n<li>Vitamina E: 12-20 mg<\/li>\n<li>Usos: Apto para ali\u00f1os, salteados, horneados, aderezos y algunas preparaciones a temperatura moderada.<\/li>\n<li>Presentaciones: Botellas de 250 ml, 500 ml, 1 litro, o en envases industriales.<\/li>\n<li>Vida \u00fatil: 12-24 meses en condiciones frescas y oscuras, lejos de la luz directa y fuentes de calor.<\/li>\n<li>Certificaciones: ISO 9001, BPM, Kosher, Halal, org\u00e1nico (seg\u00fan proveedor y pa\u00eds de origen)<\/li>\n<\/ul>\n<p>&nbsp;<\/p>\n<table class=\"wp-list-table widefat fixed striped table-view-list forms\">\n<tbody id=\"the-list\" data-wp-lists=\"list:form\">\n<tr>\n<td class=\"shortcode column-shortcode\" data-colname=\"Shortcode\">[wpforms id=\"2392\"]<\/td>\n<\/tr>\n<\/tbody>\n<\/table>\n<p>&nbsp;<\/p>\n","protected":false},"featured_media":2104,"comment_status":"open","ping_status":"closed","template":"","meta":[],"product_brand":[],"product_cat":[82],"product_tag":[],"class_list":{"0":"post-2098","1":"product","2":"type-product","3":"status-publish","4":"has-post-thumbnail","6":"product_cat-aceite","8":"first","9":"instock","10":"shipping-taxable","11":"product-type-simple"},"yoast_head":"<!-- This site is optimized with the Yoast SEO plugin v27.5 - https:\/\/yoast.com\/product\/yoast-seo-wordpress\/ -->\n<title>Aceite de Oliva - Graffoods - Productos mayoristas<\/title>\n<meta name=\"robots\" content=\"index, follow, max-snippet:-1, max-image-preview:large, max-video-preview:-1\" \/>\n<link rel=\"canonical\" href=\"https:\/\/graffoods.com\/en\/product\/aceite-de-oliva\/\" \/>\n<meta property=\"og:locale\" content=\"en_US\" \/>\n<meta property=\"og:type\" content=\"article\" \/>\n<meta property=\"og:title\" content=\"Aceite de Oliva - Graffoods - Productos mayoristas\" \/>\n<meta property=\"og:description\" content=\"Ficha T\u00e9cnica   Aspecto: L\u00edquido claro, brillante, de color amarillo verdoso a dorado.  Olor: Frutado, caracter\u00edstico del aceite de oliva, sin olores rancios.  Sabor: Intenso y afrutado, ligeramente amargo y picante, seg\u00fan la variedad de aceituna.  Punto de humo: 190\u00b0C a 210\u00b0C, depende del tipo (extra virgen, virgen, refinado).  Composici\u00f3n (por 100g):  Energ\u00eda: 884 kcal Grasas totales: 100g  Saturadas: 14g  Monoinsaturadas (principalmente \u00e1cido oleico): 73g  Poliinsaturadas: 11g  Vitamina E: 12-20 mg  Usos: Apto para ali\u00f1os, salteados, horneados, aderezos y algunas preparaciones a temperatura moderada.  Presentaciones: Botellas de 250 ml, 500 ml, 1 litro, o en envases industriales.  Vida \u00fatil: 12-24 meses en condiciones frescas y oscuras, lejos de la luz directa y fuentes de calor.  Certificaciones: ISO 9001, BPM, Kosher, Halal, org\u00e1nico (seg\u00fan proveedor y pa\u00eds de origen)  &nbsp;        &nbsp;\" \/>\n<meta property=\"og:url\" content=\"https:\/\/graffoods.com\/en\/product\/aceite-de-oliva\/\" \/>\n<meta property=\"og:site_name\" content=\"Graffoods - Productos mayoristas\" \/>\n<meta property=\"article:modified_time\" content=\"2024-12-11T13:31:10+00:00\" \/>\n<meta property=\"og:image\" content=\"https:\/\/graffoods.com\/wp-content\/uploads\/2024\/10\/fotos-graffood-4-2-2.jpg\" \/>\n\t<meta property=\"og:image:width\" content=\"2000\" \/>\n\t<meta property=\"og:image:height\" content=\"2000\" \/>\n\t<meta property=\"og:image:type\" content=\"image\/jpeg\" \/>\n<meta name=\"twitter:card\" content=\"summary_large_image\" \/>\n<meta name=\"twitter:label1\" content=\"Est. reading time\" \/>\n\t<meta name=\"twitter:data1\" content=\"1 minute\" \/>\n<script type=\"application\/ld+json\" class=\"yoast-schema-graph\">{\"@context\":\"https:\\\/\\\/schema.org\",\"@graph\":[{\"@type\":\"WebPage\",\"@id\":\"https:\\\/\\\/graffoods.com\\\/producto\\\/aceite-de-oliva\\\/\",\"url\":\"https:\\\/\\\/graffoods.com\\\/producto\\\/aceite-de-oliva\\\/\",\"name\":\"Aceite de Oliva - Graffoods - Productos mayoristas\",\"isPartOf\":{\"@id\":\"https:\\\/\\\/graffoods.com\\\/#website\"},\"primaryImageOfPage\":{\"@id\":\"https:\\\/\\\/graffoods.com\\\/producto\\\/aceite-de-oliva\\\/#primaryimage\"},\"image\":{\"@id\":\"https:\\\/\\\/graffoods.com\\\/producto\\\/aceite-de-oliva\\\/#primaryimage\"},\"thumbnailUrl\":\"https:\\\/\\\/graffoods.com\\\/wp-content\\\/uploads\\\/2024\\\/10\\\/fotos-graffood-4-2-2.jpg\",\"datePublished\":\"2024-10-30T14:31:16+00:00\",\"dateModified\":\"2024-12-11T13:31:10+00:00\",\"breadcrumb\":{\"@id\":\"https:\\\/\\\/graffoods.com\\\/producto\\\/aceite-de-oliva\\\/#breadcrumb\"},\"inLanguage\":\"en-US\",\"potentialAction\":[{\"@type\":\"ReadAction\",\"target\":[\"https:\\\/\\\/graffoods.com\\\/producto\\\/aceite-de-oliva\\\/\"]}]},{\"@type\":\"ImageObject\",\"inLanguage\":\"en-US\",\"@id\":\"https:\\\/\\\/graffoods.com\\\/producto\\\/aceite-de-oliva\\\/#primaryimage\",\"url\":\"https:\\\/\\\/graffoods.com\\\/wp-content\\\/uploads\\\/2024\\\/10\\\/fotos-graffood-4-2-2.jpg\",\"contentUrl\":\"https:\\\/\\\/graffoods.com\\\/wp-content\\\/uploads\\\/2024\\\/10\\\/fotos-graffood-4-2-2.jpg\",\"width\":2000,\"height\":2000},{\"@type\":\"BreadcrumbList\",\"@id\":\"https:\\\/\\\/graffoods.com\\\/producto\\\/aceite-de-oliva\\\/#breadcrumb\",\"itemListElement\":[{\"@type\":\"ListItem\",\"position\":1,\"name\":\"Portada\",\"item\":\"https:\\\/\\\/graffoods.com\\\/\"},{\"@type\":\"ListItem\",\"position\":2,\"name\":\"Tienda\",\"item\":\"https:\\\/\\\/graffoods.com\\\/?page_id=62\"},{\"@type\":\"ListItem\",\"position\":3,\"name\":\"Aceite de Oliva\"}]},{\"@type\":\"WebSite\",\"@id\":\"https:\\\/\\\/graffoods.com\\\/#website\",\"url\":\"https:\\\/\\\/graffoods.com\\\/\",\"name\":\"Graffoods - Productos mayoristas\",\"description\":\"\",\"publisher\":{\"@id\":\"https:\\\/\\\/graffoods.com\\\/#organization\"},\"potentialAction\":[{\"@type\":\"SearchAction\",\"target\":{\"@type\":\"EntryPoint\",\"urlTemplate\":\"https:\\\/\\\/graffoods.com\\\/?s={search_term_string}\"},\"query-input\":{\"@type\":\"PropertyValueSpecification\",\"valueRequired\":true,\"valueName\":\"search_term_string\"}}],\"inLanguage\":\"en-US\"},{\"@type\":\"Organization\",\"@id\":\"https:\\\/\\\/graffoods.com\\\/#organization\",\"name\":\"Graffoods - Productos mayoristas\",\"url\":\"https:\\\/\\\/graffoods.com\\\/\",\"logo\":{\"@type\":\"ImageObject\",\"inLanguage\":\"en-US\",\"@id\":\"https:\\\/\\\/graffoods.com\\\/#\\\/schema\\\/logo\\\/image\\\/\",\"url\":\"https:\\\/\\\/graffoods.com\\\/wp-content\\\/uploads\\\/2024\\\/10\\\/Diseno-sin-titulo-1.png\",\"contentUrl\":\"https:\\\/\\\/graffoods.com\\\/wp-content\\\/uploads\\\/2024\\\/10\\\/Diseno-sin-titulo-1.png\",\"width\":1080,\"height\":400,\"caption\":\"Graffoods - Productos mayoristas\"},\"image\":{\"@id\":\"https:\\\/\\\/graffoods.com\\\/#\\\/schema\\\/logo\\\/image\\\/\"}}]}<\/script>\n<!-- \/ Yoast SEO plugin. -->","yoast_head_json":{"title":"Aceite de Oliva - Graffoods - Productos mayoristas","robots":{"index":"index","follow":"follow","max-snippet":"max-snippet:-1","max-image-preview":"max-image-preview:large","max-video-preview":"max-video-preview:-1"},"canonical":"https:\/\/graffoods.com\/en\/product\/aceite-de-oliva\/","og_locale":"en_US","og_type":"article","og_title":"Aceite de Oliva - Graffoods - Productos mayoristas","og_description":"Ficha T\u00e9cnica   Aspecto: L\u00edquido claro, brillante, de color amarillo verdoso a dorado.  Olor: Frutado, caracter\u00edstico del aceite de oliva, sin olores rancios.  Sabor: Intenso y afrutado, ligeramente amargo y picante, seg\u00fan la variedad de aceituna.  Punto de humo: 190\u00b0C a 210\u00b0C, depende del tipo (extra virgen, virgen, refinado).  Composici\u00f3n (por 100g):  Energ\u00eda: 884 kcal Grasas totales: 100g  Saturadas: 14g  Monoinsaturadas (principalmente \u00e1cido oleico): 73g  Poliinsaturadas: 11g  Vitamina E: 12-20 mg  Usos: Apto para ali\u00f1os, salteados, horneados, aderezos y algunas preparaciones a temperatura moderada.  Presentaciones: Botellas de 250 ml, 500 ml, 1 litro, o en envases industriales.  Vida \u00fatil: 12-24 meses en condiciones frescas y oscuras, lejos de la luz directa y fuentes de calor.  Certificaciones: ISO 9001, BPM, Kosher, Halal, org\u00e1nico (seg\u00fan proveedor y pa\u00eds de origen)  &nbsp;        &nbsp;","og_url":"https:\/\/graffoods.com\/en\/product\/aceite-de-oliva\/","og_site_name":"Graffoods - Productos mayoristas","article_modified_time":"2024-12-11T13:31:10+00:00","og_image":[{"width":2000,"height":2000,"url":"https:\/\/graffoods.com\/wp-content\/uploads\/2024\/10\/fotos-graffood-4-2-2.jpg","type":"image\/jpeg"}],"twitter_card":"summary_large_image","twitter_misc":{"Est. reading time":"1 minute"},"schema":{"@context":"https:\/\/schema.org","@graph":[{"@type":"WebPage","@id":"https:\/\/graffoods.com\/producto\/aceite-de-oliva\/","url":"https:\/\/graffoods.com\/producto\/aceite-de-oliva\/","name":"Aceite de Oliva - Graffoods - Productos mayoristas","isPartOf":{"@id":"https:\/\/graffoods.com\/#website"},"primaryImageOfPage":{"@id":"https:\/\/graffoods.com\/producto\/aceite-de-oliva\/#primaryimage"},"image":{"@id":"https:\/\/graffoods.com\/producto\/aceite-de-oliva\/#primaryimage"},"thumbnailUrl":"https:\/\/graffoods.com\/wp-content\/uploads\/2024\/10\/fotos-graffood-4-2-2.jpg","datePublished":"2024-10-30T14:31:16+00:00","dateModified":"2024-12-11T13:31:10+00:00","breadcrumb":{"@id":"https:\/\/graffoods.com\/producto\/aceite-de-oliva\/#breadcrumb"},"inLanguage":"en-US","potentialAction":[{"@type":"ReadAction","target":["https:\/\/graffoods.com\/producto\/aceite-de-oliva\/"]}]},{"@type":"ImageObject","inLanguage":"en-US","@id":"https:\/\/graffoods.com\/producto\/aceite-de-oliva\/#primaryimage","url":"https:\/\/graffoods.com\/wp-content\/uploads\/2024\/10\/fotos-graffood-4-2-2.jpg","contentUrl":"https:\/\/graffoods.com\/wp-content\/uploads\/2024\/10\/fotos-graffood-4-2-2.jpg","width":2000,"height":2000},{"@type":"BreadcrumbList","@id":"https:\/\/graffoods.com\/producto\/aceite-de-oliva\/#breadcrumb","itemListElement":[{"@type":"ListItem","position":1,"name":"Portada","item":"https:\/\/graffoods.com\/"},{"@type":"ListItem","position":2,"name":"Tienda","item":"https:\/\/graffoods.com\/?page_id=62"},{"@type":"ListItem","position":3,"name":"Aceite de Oliva"}]},{"@type":"WebSite","@id":"https:\/\/graffoods.com\/#website","url":"https:\/\/graffoods.com\/","name":"Graffoods - Productos mayoristas","description":"","publisher":{"@id":"https:\/\/graffoods.com\/#organization"},"potentialAction":[{"@type":"SearchAction","target":{"@type":"EntryPoint","urlTemplate":"https:\/\/graffoods.com\/?s={search_term_string}"},"query-input":{"@type":"PropertyValueSpecification","valueRequired":true,"valueName":"search_term_string"}}],"inLanguage":"en-US"},{"@type":"Organization","@id":"https:\/\/graffoods.com\/#organization","name":"Graffoods - Productos mayoristas","url":"https:\/\/graffoods.com\/","logo":{"@type":"ImageObject","inLanguage":"en-US","@id":"https:\/\/graffoods.com\/#\/schema\/logo\/image\/","url":"https:\/\/graffoods.com\/wp-content\/uploads\/2024\/10\/Diseno-sin-titulo-1.png","contentUrl":"https:\/\/graffoods.com\/wp-content\/uploads\/2024\/10\/Diseno-sin-titulo-1.png","width":1080,"height":400,"caption":"Graffoods - Productos mayoristas"},"image":{"@id":"https:\/\/graffoods.com\/#\/schema\/logo\/image\/"}}]}},"_links":{"self":[{"href":"https:\/\/graffoods.com\/en\/wp-json\/wp\/v2\/product\/2098","targetHints":{"allow":["GET"]}}],"collection":[{"href":"https:\/\/graffoods.com\/en\/wp-json\/wp\/v2\/product"}],"about":[{"href":"https:\/\/graffoods.com\/en\/wp-json\/wp\/v2\/types\/product"}],"replies":[{"embeddable":true,"href":"https:\/\/graffoods.com\/en\/wp-json\/wp\/v2\/comments?post=2098"}],"wp:featuredmedia":[{"embeddable":true,"href":"https:\/\/graffoods.com\/en\/wp-json\/wp\/v2\/media\/2104"}],"wp:attachment":[{"href":"https:\/\/graffoods.com\/en\/wp-json\/wp\/v2\/media?parent=2098"}],"wp:term":[{"taxonomy":"product_brand","embeddable":true,"href":"https:\/\/graffoods.com\/en\/wp-json\/wp\/v2\/product_brand?post=2098"},{"taxonomy":"product_cat","embeddable":true,"href":"https:\/\/graffoods.com\/en\/wp-json\/wp\/v2\/product_cat?post=2098"},{"taxonomy":"product_tag","embeddable":true,"href":"https:\/\/graffoods.com\/en\/wp-json\/wp\/v2\/product_tag?post=2098"}],"curies":[{"name":"wp","href":"https:\/\/api.w.org\/{rel}","templated":true}]}}